{"id":695,"date":"2025-02-23T13:11:57","date_gmt":"2025-02-23T12:11:57","guid":{"rendered":"https:\/\/www.sveznan.com\/zanimljiva-geografija\/?p=695"},"modified":"2025-02-23T13:13:54","modified_gmt":"2025-02-23T12:13:54","slug":"o-nama","status":"publish","type":"page","link":"https:\/\/www.sveznan.com\/zanimljiva-geografija\/o-nama\/","title":{"rendered":"O nama"},"content":{"rendered":"\n<p>Zanimljiva Geografija je projekat nastao iz ljubavi prema popularnoj dru\u0161tvenoj igri koja je poznata i kao &#8222;Gradovi i sela&#8220; ili &#8222;Gradova i dr\u017eava&#8220;. Na\u0161 cilj je da olak\u0161amo igranje i u\u010denje kroz sistematizovanu bazu pojmova po kategorijama:<\/p>\n\n\n\n<ul class=\"wp-block-list\">\n<li>Dr\u017eave<\/li>\n\n\n\n<li>Gradovi<\/li>\n\n\n\n<li>Sela<\/li>\n\n\n\n<li>Planine<\/li>\n\n\n\n<li>Reke<\/li>\n\n\n\n<li>Biljke<\/li>\n\n\n\n<li>\u017divotinje<\/li>\n<\/ul>\n\n\n\n<h2 class=\"wp-block-heading\">Ko smo mi?<\/h2>\n\n\n\n<p>Mi smo Marko i David Maksimovi\u0107, bra\u0107a iz Broda (Republika Srpska, Bosna i Hercegovina). Spojili smo na\u0161u strast prema geografiji i tehnologiji kako bismo kreirali resurs koji \u0107e biti koristan svima koji vole ovu igru.<\/p>\n\n\n\n<h2 class=\"wp-block-heading\">Na\u0161a misija<\/h2>\n\n\n\n<p>\u017delimo da napravimo najpotpuniju i najprecizniju bazu pojmova za igru Zanimljiva Geografija, koja \u0107e biti dostupna svima besplatno. Verujemo da u\u010denje kroz igru mo\u017ee biti zabavno i korisno za sve generacije.<\/p>\n\n\n\n<h2 class=\"wp-block-heading\">Saradnja i kontakt<\/h2>\n\n\n\n<p>Otvoreni smo za sve vrste saradnje i povratnih informacija. Ako imate:<\/p>\n\n\n\n<ul class=\"wp-block-list\">\n<li>Predloge za pobolj\u0161anje sajta<\/li>\n\n\n\n<li>Korekcije postoje\u0107ih podataka<\/li>\n\n\n\n<li>\u017delju da se reklamirate na na\u0161em sajtu<\/li>\n\n\n\n<li>Bilo koja druga pitanja<\/li>\n<\/ul>\n\n\n\n<p>Mo\u017eete nas kontaktirati putem na\u0161e <a href=\"\/kontakt\">kontakt stranice<\/a>. Radujemo se va\u0161im sugestijama i saradnji!<\/p>\n\n\n\n<p><\/p>\n","protected":false},"excerpt":{"rendered":"<p>Zanimljiva Geografija je projekat nastao iz ljubavi prema popularnoj dru&scaron;tvenoj igri koja je poznata i kao &bdquo;Gradovi i sela&ldquo; ili &bdquo;Gradova i dr&#382;ava&ldquo;. Na&scaron; cilj je da olak&scaron;amo igranje i u&#269;enje kroz sistematizovanu bazu pojmova po kategorijama: Ko smo mi? Mi smo Marko i David Maksimovi&#263;, bra&#263;a iz Broda (Republika Srpska, Bosna i Hercegovina). Spojili &hellip;<\/p>\n","protected":false},"author":1,"featured_media":0,"parent":0,"menu_order":0,"comment_status":"closed","ping_status":"closed","template":"","meta":{"footnotes":""},"class_list":["post-695","page","type-page","status-publish","hentry"],"_links":{"self":[{"href":"https:\/\/www.sveznan.com\/zanimljiva-geografija\/wp-json\/wp\/v2\/pages\/695","targetHints":{"allow":["GET"]}}],"collection":[{"href":"https:\/\/www.sveznan.com\/zanimljiva-geografija\/wp-json\/wp\/v2\/pages"}],"about":[{"href":"https:\/\/www.sveznan.com\/zanimljiva-geografija\/wp-json\/wp\/v2\/types\/page"}],"author":[{"embeddable":true,"href":"https:\/\/www.sveznan.com\/zanimljiva-geografija\/wp-json\/wp\/v2\/users\/1"}],"replies":[{"embeddable":true,"href":"https:\/\/www.sveznan.com\/zanimljiva-geografija\/wp-json\/wp\/v2\/comments?post=695"}],"version-history":[{"count":2,"href":"https:\/\/www.sveznan.com\/zanimljiva-geografija\/wp-json\/wp\/v2\/pages\/695\/revisions"}],"predecessor-version":[{"id":698,"href":"https:\/\/www.sveznan.com\/zanimljiva-geografija\/wp-json\/wp\/v2\/pages\/695\/revisions\/698"}],"wp:attachment":[{"href":"https:\/\/www.sveznan.com\/zanimljiva-geografija\/wp-json\/wp\/v2\/media?parent=695"}],"curies":[{"name":"wp","href":"https:\/\/api.w.org\/{rel}","templated":true}]}}